{"id":83072,"date":"2018-04-09T10:14:38","date_gmt":"2018-04-09T08:14:38","guid":{"rendered":"https:\/\/www.lisa-burgunder.ch\/creative-landing\/"},"modified":"2023-05-04T13:42:57","modified_gmt":"2023-05-04T11:42:57","slug":"creative-landing","status":"publish","type":"page","link":"https:\/\/www.lisa-burgunder.ch\/en\/","title":{"rendered":"Lisa Burgunder"},"content":{"rendered":"<div class=\"wpb-content-wrapper\"><p>[vc_row row_height_percent=&#8221;0&#8243; overlay_alpha=&#8221;50&#8243; gutter_size=&#8221;3&#8243; column_width_percent=&#8221;100&#8243; shift_y=&#8221;0&#8243; z_index=&#8221;0&#8243;][vc_column width=&#8221;1\/3&#8243;][vc_custom_heading text_size=&#8221;h1&#8243;]Services[\/vc_custom_heading][\/vc_column][vc_column width=&#8221;1\/3&#8243;][vc_icon icon=&#8221;fa fa-group-outline&#8221; icon_color=&#8221;accent&#8221; size=&#8221;fa-4x&#8221; text_size=&#8221;h4&#8243; text_weight=&#8221;700&#8243; linked_title=&#8221;yes&#8221; text_lead=&#8221;yes&#8221; css_animation=&#8221;zoom-out&#8221; animation_delay=&#8221;200&#8243; align=&#8221;left&#8221; title=&#8221;Pregnancy and more&#8221; link=&#8221;url:https%3A%2F%2Fwww.lisa-burgunder.ch%2Fen%2Fpregnancy-and-more%2F|title:Pregnancy%20and%20more&#8221;]<\/p>\n<ul>\n<li><a href=\"https:\/\/www.lisa-burgunder.ch\/en\/pregnancy-and-more\/#geburtsvorbereitung\">Birth preparation course<\/a><\/li>\n<li><a href=\"https:\/\/www.lisa-burgunder.ch\/en\/pregnancy-and-more\/#schwangerschaftspilates\">Prenatal Pilates<\/a><\/li>\n<li><a href=\"https:\/\/www.lisa-burgunder.ch\/en\/massage\/#mothers-delight\">Ayurvedic massage in pregnancy<\/a><\/li>\n<\/ul>\n<p>[\/vc_icon][\/vc_column][vc_column width=&#8221;1\/3&#8243;][vc_icon icon=&#8221;fa fa-group-outline&#8221; icon_color=&#8221;accent&#8221; size=&#8221;fa-4x&#8221; text_size=&#8221;h4&#8243; text_weight=&#8221;700&#8243; linked_title=&#8221;yes&#8221; text_lead=&#8221;yes&#8221; css_animation=&#8221;zoom-out&#8221; animation_delay=&#8221;200&#8243; align=&#8221;left&#8221; title=&#8221;Postnatal courses&#8221; link=&#8221;url:https%3A%2F%2Fwww.lisa-burgunder.ch%2Fen%2Fpostnatal-services|title:Postnatal%20Services&#8221;]<\/p>\n<ul>\n<li><a href=\"https:\/\/www.lisa-burgunder.ch\/en\/postnatal-services\/#rueckbildung\">Postnatal<\/a><\/li>\n<li><a href=\"https:\/\/www.lisa-burgunder.ch\/en\/postnatal-services\/#rueckbildungspilates\">Postnatal Pilates<\/a><\/li>\n<li><a href=\"https:\/\/www.lisa-burgunder.ch\/en\/postnatal-services\/#babymassage\">Baby Massage<\/a><\/li>\n<li><a href=\"https:\/\/www.lisa-burgunder.ch\/en\/massage\/#mothers-delight\">Mothers Delight Ayurvedic postnatal massage<\/a><\/li>\n<\/ul>\n<p>[\/vc_icon][\/vc_column][\/vc_row][vc_row row_height_percent=&#8221;0&#8243; overlay_alpha=&#8221;50&#8243; gutter_size=&#8221;3&#8243; column_width_percent=&#8221;100&#8243; shift_y=&#8221;0&#8243; z_index=&#8221;0&#8243;][vc_column width=&#8221;1\/3&#8243;][vc_icon icon=&#8221;fa fa-group-outline&#8221; icon_color=&#8221;accent&#8221; size=&#8221;fa-4x&#8221; text_size=&#8221;h4&#8243; text_weight=&#8221;700&#8243; linked_title=&#8221;yes&#8221; text_lead=&#8221;yes&#8221; css_animation=&#8221;zoom-out&#8221; animation_delay=&#8221;200&#8243; align=&#8221;left&#8221; title=&#8221;Pilates&#8221; link=&#8221;url:https%3A%2F%2Fwww.lisa-burgunder.ch%2Fen%2Fpilates|title:Pilates&#8221; uncode_shortcode_id=&#8221;171096&#8243; icon_color_type=&#8221;uncode-palette&#8221;]<\/p>\n<ul>\n<li><a href=\"https:\/\/www.lisa-burgunder.ch\/en\/pilates\/#pilates\">Pilates<\/a><\/li>\n<li><a href=\"https:\/\/www.lisa-burgunder.ch\/en\/pregnancy-and-more\/#schwangerschaftspilates\">Prenatal pilates<\/a><\/li>\n<li><a href=\"https:\/\/www.lisa-burgunder.ch\/en\/postnatal-services\/#rueckbildungspilates\">Postnatal pilates<\/a><\/li>\n<li><a href=\"https:\/\/www.lisa-burgunder.ch\/en\/pilates\/#pilates-hiit\">Pilates<\/a> <a href=\"https:\/\/www.lisa-burgunder.ch\/en\/pilates\/#pilates-hiit\">HIIT<\/a><\/li>\n<li>Pilates- Functional Pelvic Floor Training<\/li>\n<\/ul>\n<p>[\/vc_icon][\/vc_column][vc_column width=&#8221;1\/3&#8243;][vc_icon icon=&#8221;fa fa-group-outline&#8221; icon_color=&#8221;accent&#8221; size=&#8221;fa-4x&#8221; text_size=&#8221;h4&#8243; text_weight=&#8221;700&#8243; linked_title=&#8221;yes&#8221; text_lead=&#8221;yes&#8221; css_animation=&#8221;zoom-out&#8221; animation_delay=&#8221;200&#8243; align=&#8221;left&#8221; title=&#8221;Massage&#8221; link=&#8221;url:https%3A%2F%2Fwww.lisa-burgunder.ch%2Fen%2Fmassage%2F|title:Massage&#8221;]<\/p>\n<ul>\n<li><a href=\"https:\/\/www.lisa-burgunder.ch\/en\/massage\/#klassischemassage\">Classic massage<\/a><\/li>\n<li><a href=\"https:\/\/www.lisa-burgunder.ch\/en\/pregnancy-and-more\/#massagefuerschwangere\">Ayurvedic massage in pregnancy<\/a><\/li>\n<li><a href=\"https:\/\/www.lisa-burgunder.ch\/en\/postnatal-services\/#mothersdelight\">Ayurvedic postnatal massage<\/a><\/li>\n<\/ul>\n<p>[\/vc_icon][\/vc_column][vc_column width=&#8221;1\/3&#8243;][vc_icon icon=&#8221;fa fa-group-outline&#8221; icon_color=&#8221;accent&#8221; size=&#8221;fa-4x&#8221; text_size=&#8221;h4&#8243; text_weight=&#8221;700&#8243; linked_title=&#8221;yes&#8221; text_lead=&#8221;yes&#8221; css_animation=&#8221;zoom-out&#8221; animation_delay=&#8221;200&#8243; align=&#8221;left&#8221; title=&#8221;Individual offers&#8221; link=&#8221;url:https%3A%2F%2Fwww.lisa-burgunder.ch%2Fen%2Findividual-offers%2F|title:Individual%20offers&#8221; uncode_shortcode_id=&#8221;676424&#8243; icon_color_type=&#8221;uncode-palette&#8221;]<\/p>\n<ul>\n<li><a href=\"https:\/\/www.lisa-burgunder.ch\/en\/individual-offers\/#individuellegeburtsvorbereitung\">Individual prenatal classes<\/a><\/li>\n<li><a href=\"https:\/\/www.lisa-burgunder.ch\/en\/individual-offers\/#rueckbildungspezial\">Individual postnatal classes specific focus on Diastasic Recti<\/a><\/li>\n<li><a href=\"https:\/\/www.lisa-burgunder.ch\/en\/individual-offers\/#postnantal-exercise-at-home\">Postnatal exercises at home<\/a><\/li>\n<li><a href=\"https:\/\/www.lisa-burgunder.ch\/en\/individual-offers\/#babymassage-at-home\">Baby massage at home<\/a><\/li>\n<\/ul>\n<p>[\/vc_icon][\/vc_column][\/vc_row][vc_row row_height_percent=&#8221;0&#8243; override_padding=&#8221;yes&#8221; h_padding=&#8221;2&#8243; top_padding=&#8221;7&#8243; bottom_padding=&#8221;7&#8243; back_color=&#8221;color-xsdn&#8221; back_image=&#8221;83178&#8243; back_position=&#8221;center bottom&#8221; overlay_alpha=&#8221;70&#8243; gutter_size=&#8221;100&#8243; column_width_percent=&#8221;100&#8243; shift_y=&#8221;0&#8243; z_index=&#8221;0&#8243; enable_top_divider=&#8221;default&#8221; top_divider=&#8221;swoosh-opacity&#8221; shape_top_flip=&#8221;yes&#8221; shape_top_h_use_pixel=&#8221;&#8221; shape_top_height=&#8221;400&#8243; shape_top_opacity=&#8221;100&#8243; shape_top_safe=&#8221;yes&#8221; shape_top_index=&#8221;0&#8243; enable_bottom_divider=&#8221;default&#8221; bottom_divider=&#8221;swoosh-opacity&#8221; shape_bottom_h_use_pixel=&#8221;&#8221; shape_bottom_height=&#8221;400&#8243; shape_bottom_opacity=&#8221;100&#8243; shape_bottom_safe=&#8221;yes&#8221; shape_bottom_index=&#8221;0&#8243; style=&#8221;inherited&#8221; el_class=&#8221;gradient&#8221;][vc_column column_width_use_pixel=&#8221;yes&#8221; position_vertical=&#8221;middle&#8221; align_horizontal=&#8221;align_center&#8221; gutter_size=&#8221;2&#8243; overlay_alpha=&#8221;100&#8243; shift_x=&#8221;0&#8243; shift_y=&#8221;0&#8243; shift_y_down=&#8221;0&#8243; z_index=&#8221;0&#8243; medium_width=&#8221;0&#8243; mobile_width=&#8221;0&#8243; css_animation=&#8221;zoom-in&#8221; animation_delay=&#8221;200&#8243; zoom_width=&#8221;0&#8243; zoom_height=&#8221;0&#8243; width=&#8221;1\/1&#8243; column_width_pixel=&#8221;900&#8243;][\/vc_column][\/vc_row][vc_row row_height_percent=&#8221;0&#8243; override_padding=&#8221;yes&#8221; h_padding=&#8221;3&#8243; top_padding=&#8221;3&#8243; bottom_padding=&#8221;5&#8243; overlay_alpha=&#8221;50&#8243; gutter_size=&#8221;3&#8243; column_width_percent=&#8221;100&#8243; shift_y=&#8221;0&#8243; z_index=&#8221;1&#8243; top_divider=&#8221;curve-opacity&#8221; el_class=&#8221;z-index-one&#8221;][vc_column column_width_percent=&#8221;100&#8243; align_horizontal=&#8221;align_center&#8221; gutter_size=&#8221;2&#8243; font_family=&#8221;font-762333&#8243; overlay_alpha=&#8221;50&#8243; shift_x=&#8221;0&#8243; shift_y=&#8221;0&#8243; shift_y_down=&#8221;0&#8243; z_index=&#8221;0&#8243; medium_width=&#8221;0&#8243; mobile_width=&#8221;0&#8243; width=&#8221;1\/1&#8243;][\/vc_column][\/vc_row]<\/p>\n<\/div>","protected":false},"excerpt":{"rendered":"<p>[vc_row row_height_percent=&#8221;0&#8243; overlay_alpha=&#8221;50&#8243; gutter_size=&#8221;3&#8243; column_width_percent=&#8221;100&#8243; shift_y=&#8221;0&#8243; z_index=&#8221;0&#8243;][vc_column width=&#8221;1\/3&#8243;][vc_custom_heading text_size=&#8221;h1&#8243;]Services[\/vc_custom_heading][\/vc_column][vc_column width=&#8221;1\/3&#8243;][vc_icon icon=&#8221;fa fa-group-outline&#8221; icon_color=&#8221;accent&#8221; size=&#8221;fa-4x&#8221; text_size=&#8221;h4&#8243; text_weight=&#8221;700&#8243; linked_title=&#8221;yes&#8221; text_lead=&#8221;yes&#8221; css_animation=&#8221;zoom-out&#8221; animation_delay=&#8221;200&#8243; [&hellip;]<\/p>\n","protected":false},"author":1,"featured_media":0,"parent":0,"menu_order":0,"comment_status":"closed","ping_status":"closed","template":"","meta":{"footnotes":""},"class_list":["post-83072","page","type-page","status-publish","hentry"],"yoast_head":"<!-- This site is optimized with the Yoast SEO plugin v27.3 - https:\/\/yoast.com\/product\/yoast-seo-wordpress\/ -->\n<title>Pilates, Geburtsvorbereitung &amp; R\u00fcckbildung f\u00fcr die Frau in Basel<\/title>\n<meta name=\"description\" content=\"Lisa Burgunder bietet Pilates, Geburtsvorbereitung, R\u00fcckbildung, Massagen und individuelle Kurse f\u00fcr die Frau in Basel an.\" \/>\n<meta name=\"robots\" content=\"index, follow, max-snippet:-1, max-image-preview:large, max-video-preview:-1\" \/>\n<link rel=\"canonical\" href=\"https:\/\/www.lisa-burgunder.ch\/en\/\" \/>\n<meta property=\"og:locale\" content=\"en_US\" \/>\n<meta property=\"og:type\" content=\"article\" \/>\n<meta property=\"og:title\" content=\"Pilates, Geburtsvorbereitung &amp; R\u00fcckbildung f\u00fcr die Frau in Basel\" \/>\n<meta property=\"og:description\" content=\"Lisa Burgunder bietet Pilates, Geburtsvorbereitung, R\u00fcckbildung, Massagen und individuelle Kurse f\u00fcr die Frau in Basel an.\" \/>\n<meta property=\"og:url\" content=\"https:\/\/www.lisa-burgunder.ch\/en\/\" \/>\n<meta property=\"og:site_name\" content=\"Lisa Burgunder\" \/>\n<meta property=\"article:modified_time\" content=\"2023-05-04T11:42:57+00:00\" \/>\n<meta name=\"twitter:card\" content=\"summary_large_image\" \/>\n<meta name=\"twitter:label1\" content=\"Est. reading time\" \/>\n\t<meta name=\"twitter:data1\" content=\"2 minutes\" \/>\n<script type=\"application\/ld+json\" class=\"yoast-schema-graph\">{\"@context\":\"https:\\\/\\\/schema.org\",\"@graph\":[{\"@type\":\"WebPage\",\"@id\":\"https:\\\/\\\/www.lisa-burgunder.ch\\\/en\\\/\",\"url\":\"https:\\\/\\\/www.lisa-burgunder.ch\\\/en\\\/\",\"name\":\"Pilates, Geburtsvorbereitung & R\u00fcckbildung f\u00fcr die Frau in Basel\",\"isPartOf\":{\"@id\":\"https:\\\/\\\/www.lisa-burgunder.ch\\\/en\\\/#website\"},\"datePublished\":\"2018-04-09T08:14:38+00:00\",\"dateModified\":\"2023-05-04T11:42:57+00:00\",\"description\":\"Lisa Burgunder bietet Pilates, Geburtsvorbereitung, R\u00fcckbildung, Massagen und individuelle Kurse f\u00fcr die Frau in Basel an.\",\"breadcrumb\":{\"@id\":\"https:\\\/\\\/www.lisa-burgunder.ch\\\/en\\\/#breadcrumb\"},\"inLanguage\":\"en-US\",\"potentialAction\":[{\"@type\":\"ReadAction\",\"target\":[\"https:\\\/\\\/www.lisa-burgunder.ch\\\/en\\\/\"]}]},{\"@type\":\"BreadcrumbList\",\"@id\":\"https:\\\/\\\/www.lisa-burgunder.ch\\\/en\\\/#breadcrumb\",\"itemListElement\":[{\"@type\":\"ListItem\",\"position\":1,\"name\":\"Home\",\"item\":\"https:\\\/\\\/www.lisa-burgunder.ch\\\/en\\\/\"},{\"@type\":\"ListItem\",\"position\":2,\"name\":\"Lisa Burgunder\"}]},{\"@type\":\"WebSite\",\"@id\":\"https:\\\/\\\/www.lisa-burgunder.ch\\\/en\\\/#website\",\"url\":\"https:\\\/\\\/www.lisa-burgunder.ch\\\/en\\\/\",\"name\":\"Lisa Burgunder\",\"description\":\"Pilates Basel\",\"potentialAction\":[{\"@type\":\"SearchAction\",\"target\":{\"@type\":\"EntryPoint\",\"urlTemplate\":\"https:\\\/\\\/www.lisa-burgunder.ch\\\/en\\\/?s={search_term_string}\"},\"query-input\":{\"@type\":\"PropertyValueSpecification\",\"valueRequired\":true,\"valueName\":\"search_term_string\"}}],\"inLanguage\":\"en-US\"}]}<\/script>\n<!-- \/ Yoast SEO plugin. -->","yoast_head_json":{"title":"Pilates, Geburtsvorbereitung & R\u00fcckbildung f\u00fcr die Frau in Basel","description":"Lisa Burgunder bietet Pilates, Geburtsvorbereitung, R\u00fcckbildung, Massagen und individuelle Kurse f\u00fcr die Frau in Basel an.","robots":{"index":"index","follow":"follow","max-snippet":"max-snippet:-1","max-image-preview":"max-image-preview:large","max-video-preview":"max-video-preview:-1"},"canonical":"https:\/\/www.lisa-burgunder.ch\/en\/","og_locale":"en_US","og_type":"article","og_title":"Pilates, Geburtsvorbereitung & R\u00fcckbildung f\u00fcr die Frau in Basel","og_description":"Lisa Burgunder bietet Pilates, Geburtsvorbereitung, R\u00fcckbildung, Massagen und individuelle Kurse f\u00fcr die Frau in Basel an.","og_url":"https:\/\/www.lisa-burgunder.ch\/en\/","og_site_name":"Lisa Burgunder","article_modified_time":"2023-05-04T11:42:57+00:00","twitter_card":"summary_large_image","twitter_misc":{"Est. reading time":"2 minutes"},"schema":{"@context":"https:\/\/schema.org","@graph":[{"@type":"WebPage","@id":"https:\/\/www.lisa-burgunder.ch\/en\/","url":"https:\/\/www.lisa-burgunder.ch\/en\/","name":"Pilates, Geburtsvorbereitung & R\u00fcckbildung f\u00fcr die Frau in Basel","isPartOf":{"@id":"https:\/\/www.lisa-burgunder.ch\/en\/#website"},"datePublished":"2018-04-09T08:14:38+00:00","dateModified":"2023-05-04T11:42:57+00:00","description":"Lisa Burgunder bietet Pilates, Geburtsvorbereitung, R\u00fcckbildung, Massagen und individuelle Kurse f\u00fcr die Frau in Basel an.","breadcrumb":{"@id":"https:\/\/www.lisa-burgunder.ch\/en\/#breadcrumb"},"inLanguage":"en-US","potentialAction":[{"@type":"ReadAction","target":["https:\/\/www.lisa-burgunder.ch\/en\/"]}]},{"@type":"BreadcrumbList","@id":"https:\/\/www.lisa-burgunder.ch\/en\/#breadcrumb","itemListElement":[{"@type":"ListItem","position":1,"name":"Home","item":"https:\/\/www.lisa-burgunder.ch\/en\/"},{"@type":"ListItem","position":2,"name":"Lisa Burgunder"}]},{"@type":"WebSite","@id":"https:\/\/www.lisa-burgunder.ch\/en\/#website","url":"https:\/\/www.lisa-burgunder.ch\/en\/","name":"Lisa Burgunder","description":"Pilates Basel","potentialAction":[{"@type":"SearchAction","target":{"@type":"EntryPoint","urlTemplate":"https:\/\/www.lisa-burgunder.ch\/en\/?s={search_term_string}"},"query-input":{"@type":"PropertyValueSpecification","valueRequired":true,"valueName":"search_term_string"}}],"inLanguage":"en-US"}]}},"_links":{"self":[{"href":"https:\/\/www.lisa-burgunder.ch\/en\/wp-json\/wp\/v2\/pages\/83072","targetHints":{"allow":["GET"]}}],"collection":[{"href":"https:\/\/www.lisa-burgunder.ch\/en\/wp-json\/wp\/v2\/pages"}],"about":[{"href":"https:\/\/www.lisa-burgunder.ch\/en\/wp-json\/wp\/v2\/types\/page"}],"author":[{"embeddable":true,"href":"https:\/\/www.lisa-burgunder.ch\/en\/wp-json\/wp\/v2\/users\/1"}],"replies":[{"embeddable":true,"href":"https:\/\/www.lisa-burgunder.ch\/en\/wp-json\/wp\/v2\/comments?post=83072"}],"version-history":[{"count":18,"href":"https:\/\/www.lisa-burgunder.ch\/en\/wp-json\/wp\/v2\/pages\/83072\/revisions"}],"predecessor-version":[{"id":84329,"href":"https:\/\/www.lisa-burgunder.ch\/en\/wp-json\/wp\/v2\/pages\/83072\/revisions\/84329"}],"wp:attachment":[{"href":"https:\/\/www.lisa-burgunder.ch\/en\/wp-json\/wp\/v2\/media?parent=83072"}],"curies":[{"name":"wp","href":"https:\/\/api.w.org\/{rel}","templated":true}]}}